{"id":572,"date":"2019-09-01T22:06:20","date_gmt":"2019-09-01T22:06:20","guid":{"rendered":"https:\/\/hechoamanoecuador.com\/luffa\/?page_id=572"},"modified":"2019-09-05T22:18:39","modified_gmt":"2019-09-05T22:18:39","slug":"contactar","status":"publish","type":"page","link":"https:\/\/hechoamanoecuador.com\/luffa\/contactar\/","title":{"rendered":"contactar"},"content":{"rendered":"<div style=\"height:41px\" aria-hidden=\"true\" class=\"wp-block-spacer\"><\/div><div class=\"wp-block-uagb-advanced-heading\" id=\"uagb-adv-heading-b6a97590-1381-4bee-a511-f370397a1c8d\"><h2 class=\"uagb-heading-text\">\u00a1Te interesan nuestros productos escr\u00edbenos!<\/h2><div class=\"uagb-separator-wrap\"><div class=\"uagb-separator\"><\/div><\/div><p class=\"uagb-desc-text\"> Luffa Esponja Vegetal, Exfoliante 100% Natural <\/p><\/div><div style=\"height:41px\" aria-hidden=\"true\" class=\"wp-block-spacer\"><\/div>\n<div class=\"wpcf7 no-js\" id=\"wpcf7-f6-o1\" lang=\"es-ES\" dir=\"ltr\" data-wpcf7-id=\"6\">\n<div class=\"screen-reader-response\"><p role=\"status\" aria-live=\"polite\" aria-atomic=\"true\"><\/p> <ul><\/ul><\/div>\n<form action=\"\/luffa\/wp-json\/wp\/v2\/pages\/572#wpcf7-f6-o1\" method=\"post\" class=\"wpcf7-form init\" aria-label=\"Formulario de contacto\" novalidate=\"novalidate\" data-status=\"init\">\n<div style=\"display: none;\">\n<input type=\"hidden\" name=\"_wpcf7\" value=\"6\" \/>\n<input type=\"hidden\" name=\"_wpcf7_version\" value=\"6.0.4\" \/>\n<input type=\"hidden\" name=\"_wpcf7_locale\" value=\"es_ES\" \/>\n<input type=\"hidden\" name=\"_wpcf7_unit_tag\" value=\"wpcf7-f6-o1\" \/>\n<input type=\"hidden\" name=\"_wpcf7_container_post\" value=\"0\" \/>\n<input type=\"hidden\" name=\"_wpcf7_posted_data_hash\" value=\"\" \/>\n<input type=\"hidden\" name=\"_wpcf7_recaptcha_response\" value=\"\" \/>\n<\/div>\n<div class=\"row\">\n\t<div class=\"col-md-6\">\n\t\t<p><label> Tu Nombre (*requerido)<br \/>\n<span class=\"wpcf7-form-control-wrap\" data-name=\"your-name\"><input size=\"40\" maxlength=\"400\" class=\"wpcf7-form-control wpcf7-text wpcf7-validates-as-required\" aria-required=\"true\" aria-invalid=\"false\" value=\"\" type=\"text\" name=\"your-name\" \/><\/span> <\/label>\n\t\t<\/p>\n\t<\/div>\n\t<div class=\"col-md-6\">\n\t\t<p><label> T\u00fa Correo Electr\u00f3nico (*requerido)<br \/>\n<span class=\"wpcf7-form-control-wrap\" data-name=\"your-email\"><input size=\"40\" maxlength=\"400\" class=\"wpcf7-form-control wpcf7-email wpcf7-validates-as-required wpcf7-text wpcf7-validates-as-email\" aria-required=\"true\" aria-invalid=\"false\" value=\"\" type=\"email\" name=\"your-email\" \/><\/span> <\/label>\n\t\t<\/p>\n\t<\/div>\n<\/div>\n<div class=\"row\">\n\t<div class=\"col-md-6\">\n\t\t<p><label> Asunto<br \/>\n<span class=\"wpcf7-form-control-wrap\" data-name=\"your-subject\"><input size=\"40\" maxlength=\"400\" class=\"wpcf7-form-control wpcf7-text\" aria-invalid=\"false\" value=\"\" type=\"text\" name=\"your-subject\" \/><\/span> <\/label>\n\t\t<\/p>\n\t<\/div>\n\t<div class=\"col-md-6\">\n\t\t<p><label> T\u00fa n\u00famero de Tel\u00e9fono (*requerido)<br \/>\n<span class=\"wpcf7-form-control-wrap\" data-name=\"Telefono\"><input size=\"40\" maxlength=\"400\" class=\"wpcf7-form-control wpcf7-tel wpcf7-validates-as-required wpcf7-text wpcf7-validates-as-tel\" aria-required=\"true\" aria-invalid=\"false\" value=\"\" type=\"tel\" name=\"Telefono\" \/><\/span><\/label>\n\t\t<\/p>\n\t<\/div>\n<\/div>\n<p><label> Escribe tu memsaje (*requerido)<br \/>\n<span class=\"wpcf7-form-control-wrap\" data-name=\"your-message\"><textarea cols=\"40\" rows=\"10\" maxlength=\"2000\" class=\"wpcf7-form-control wpcf7-textarea wpcf7-validates-as-required\" aria-required=\"true\" aria-invalid=\"false\" name=\"your-message\"><\/textarea><\/span> <\/label><br \/>\n<span id=\"wpcf7-69e1d94a6a9a1-wrapper\" class=\"wpcf7-form-control-wrap honeypot-402-wrap\" style=\"display:none !important; visibility:hidden !important;\"><label for=\"wpcf7-69e1d94a6a9a1-field\" class=\"hp-message\">Por favor, deja este campo vac\u00edo.<\/label><input id=\"wpcf7-69e1d94a6a9a1-field\"  class=\"wpcf7-form-control wpcf7-text\" type=\"text\" name=\"honeypot-402\" value=\"\" size=\"40\" tabindex=\"-1\" autocomplete=\"new-password\" \/><\/span><br \/>\n<input class=\"wpcf7-form-control wpcf7-submit has-spinner\" type=\"submit\" value=\"ENVIAR\" \/>\n<\/p><div class=\"wpcf7-response-output\" aria-hidden=\"true\"><\/div>\n<\/form>\n<\/div>\n","protected":false},"excerpt":{"rendered":"\u00a1Te interesan nuestros productos escr\u00edbenos! Luffa Esponja Vegetal, Exfoliante 100% Natural Tu Nombre (*requerido) T\u00fa Correo Electr\u00f3nico (*requerido) Asunto T\u00fa","protected":false},"author":1,"featured_media":0,"parent":0,"menu_order":0,"comment_status":"closed","ping_status":"closed","template":"","meta":{"postBodyMargin":[],"postBodyPadding":[],"postBodyBackground":{"backgroundType":"classic","gradient":""},"footnotes":""},"yst_prominent_words":[],"class_list":["post-572","page","type-page","status-publish","hentry"],"yoast_head":"<!-- This site is optimized with the Yoast SEO Premium plugin v14.0.4 - https:\/\/yoast.com\/wordpress\/plugins\/seo\/ -->\n<title>contactar - Esponja o estropajo de ba\u00f1o natural luffa<\/title>\n<meta name=\"robots\" content=\"index, follow\" \/>\n<meta name=\"googlebot\" content=\"index, follow, max-snippet:-1, max-image-preview:large, max-video-preview:-1\" \/>\n<meta name=\"bingbot\" content=\"index, follow, max-snippet:-1, max-image-preview:large, max-video-preview:-1\" \/>\n<link rel=\"canonical\" href=\"https:\/\/hechoamanoecuador.com\/luffa\/contactar\/\" \/>\n<meta property=\"og:locale\" content=\"es_ES\" \/>\n<meta property=\"og:type\" content=\"article\" \/>\n<meta property=\"og:title\" content=\"contactar - Esponja o estropajo de ba\u00f1o natural luffa\" \/>\n<meta property=\"og:url\" content=\"https:\/\/hechoamanoecuador.com\/luffa\/contactar\/\" \/>\n<meta property=\"og:site_name\" content=\"Esponja o estropajo de ba\u00f1o natural luffa\" \/>\n<meta property=\"article:modified_time\" content=\"2019-09-05T22:18:39+00:00\" \/>\n<meta name=\"twitter:card\" content=\"summary_large_image\" \/>\n<script type=\"application\/ld+json\" class=\"yoast-schema-graph\">{\"@context\":\"https:\/\/schema.org\",\"@graph\":[{\"@type\":\"Organization\",\"@id\":\"https:\/\/hechoamanoecuador.com\/luffa\/#organization\",\"name\":\"Luffa esponja o estropajo de ba\\u00f1o natural\",\"url\":\"https:\/\/hechoamanoecuador.com\/luffa\/\",\"sameAs\":[],\"logo\":{\"@type\":\"ImageObject\",\"@id\":\"https:\/\/hechoamanoecuador.com\/luffa\/#logo\",\"inLanguage\":\"es\",\"url\":\"https:\/\/hechoamanoecuador.com\/luffa\/wp-content\/uploads\/2019\/07\/luffa-esponja-vegetal.png\",\"width\":417,\"height\":134,\"caption\":\"Luffa esponja o estropajo de ba\\u00f1o natural\"},\"image\":{\"@id\":\"https:\/\/hechoamanoecuador.com\/luffa\/#logo\"}},{\"@type\":\"WebSite\",\"@id\":\"https:\/\/hechoamanoecuador.com\/luffa\/#website\",\"url\":\"https:\/\/hechoamanoecuador.com\/luffa\/\",\"name\":\"Esponja o estropajo de ba\\u00f1o natural luffa\",\"description\":\"Productos naturales para el cuidado de la piel en adultos y ni\\u00f1os ambato ecuador productores de luffa,  esponja o estropajo exfoliante para ba\\u00f1o\",\"publisher\":{\"@id\":\"https:\/\/hechoamanoecuador.com\/luffa\/#organization\"},\"potentialAction\":[{\"@type\":\"SearchAction\",\"target\":\"https:\/\/hechoamanoecuador.com\/luffa\/?s={search_term_string}\",\"query-input\":\"required name=search_term_string\"}],\"inLanguage\":\"es\"},{\"@type\":\"WebPage\",\"@id\":\"https:\/\/hechoamanoecuador.com\/luffa\/contactar\/#webpage\",\"url\":\"https:\/\/hechoamanoecuador.com\/luffa\/contactar\/\",\"name\":\"contactar - Esponja o estropajo de ba\\u00f1o natural luffa\",\"isPartOf\":{\"@id\":\"https:\/\/hechoamanoecuador.com\/luffa\/#website\"},\"datePublished\":\"2019-09-01T22:06:20+00:00\",\"dateModified\":\"2019-09-05T22:18:39+00:00\",\"breadcrumb\":{\"@id\":\"https:\/\/hechoamanoecuador.com\/luffa\/contactar\/#breadcrumb\"},\"inLanguage\":\"es\",\"potentialAction\":[{\"@type\":\"ReadAction\",\"target\":[\"https:\/\/hechoamanoecuador.com\/luffa\/contactar\/\"]}]},{\"@type\":\"BreadcrumbList\",\"@id\":\"https:\/\/hechoamanoecuador.com\/luffa\/contactar\/#breadcrumb\",\"itemListElement\":[{\"@type\":\"ListItem\",\"position\":1,\"item\":{\"@type\":\"WebPage\",\"@id\":\"https:\/\/hechoamanoecuador.com\/luffa\/\",\"url\":\"https:\/\/hechoamanoecuador.com\/luffa\/\",\"name\":\"Inicio\"}},{\"@type\":\"ListItem\",\"position\":2,\"item\":{\"@type\":\"WebPage\",\"@id\":\"https:\/\/hechoamanoecuador.com\/luffa\/contactar\/\",\"url\":\"https:\/\/hechoamanoecuador.com\/luffa\/contactar\/\",\"name\":\"contactar\"}}]}]}<\/script>\n<!-- \/ Yoast SEO Premium plugin. -->","_links":{"self":[{"href":"https:\/\/hechoamanoecuador.com\/luffa\/wp-json\/wp\/v2\/pages\/572","targetHints":{"allow":["GET"]}}],"collection":[{"href":"https:\/\/hechoamanoecuador.com\/luffa\/wp-json\/wp\/v2\/pages"}],"about":[{"href":"https:\/\/hechoamanoecuador.com\/luffa\/wp-json\/wp\/v2\/types\/page"}],"author":[{"embeddable":true,"href":"https:\/\/hechoamanoecuador.com\/luffa\/wp-json\/wp\/v2\/users\/1"}],"replies":[{"embeddable":true,"href":"https:\/\/hechoamanoecuador.com\/luffa\/wp-json\/wp\/v2\/comments?post=572"}],"version-history":[{"count":14,"href":"https:\/\/hechoamanoecuador.com\/luffa\/wp-json\/wp\/v2\/pages\/572\/revisions"}],"predecessor-version":[{"id":891,"href":"https:\/\/hechoamanoecuador.com\/luffa\/wp-json\/wp\/v2\/pages\/572\/revisions\/891"}],"wp:attachment":[{"href":"https:\/\/hechoamanoecuador.com\/luffa\/wp-json\/wp\/v2\/media?parent=572"}],"wp:term":[{"taxonomy":"yst_prominent_words","embeddable":true,"href":"https:\/\/hechoamanoecuador.com\/luffa\/wp-json\/wp\/v2\/yst_prominent_words?post=572"}],"curies":[{"name":"wp","href":"https:\/\/api.w.org\/{rel}","templated":true}]}}