{"id":1056,"date":"2020-07-02T23:41:30","date_gmt":"2020-07-02T23:41:30","guid":{"rendered":"https:\/\/hechoamanoecuador.com\/luffa\/?post_type=product&#038;p=1056"},"modified":"2021-05-07T16:44:45","modified_gmt":"2021-05-07T16:44:45","slug":"luffa-infantil-tortuga","status":"publish","type":"product","link":"https:\/\/hechoamanoecuador.com\/luffa\/shop\/luffa-infantil-tortuga\/","title":{"rendered":"Esponja para ba\u00f1o tortuga luffa"},"content":{"rendered":"","protected":false},"excerpt":{"rendered":"<p>Compuesto por una cara de luffa esponja para ba\u00f1o 100% natural y biodegradable, estimula el riego sangu\u00edneo, exfoliante corporal.<\/p>\n<p>Tama\u00f1o 13cm x 10cm<\/p>\n<p>&nbsp;<\/p>\n","protected":false},"featured_media":1057,"template":"","meta":{"postBodyMargin":[],"postBodyPadding":[],"postBodyBackground":{"backgroundType":"classic","gradient":""}},"product_brand":[],"product_cat":[19],"product_tag":[251,289,292,252,254,250],"yst_prominent_words":[],"class_list":{"0":"post-1056","1":"product","2":"type-product","3":"status-publish","4":"has-post-thumbnail","6":"product_cat-luffa_bano","7":"product_tag-esponja","8":"product_tag-esponja-natural","9":"product_tag-esponja-para-bano","10":"product_tag-exfoliante","11":"product_tag-exfoliante-natural","12":"product_tag-luffa","14":"first","15":"instock","16":"shipping-taxable","17":"purchasable","18":"product-type-simple"},"yoast_head":"<!-- This site is optimized with the Yoast SEO Premium plugin v14.0.4 - https:\/\/yoast.com\/wordpress\/plugins\/seo\/ -->\n<title>Esponja para ba\u00f1o tortuga luffa - Esponja o estropajo de ba\u00f1o natural luffa<\/title>\n<meta name=\"robots\" content=\"index, follow\" \/>\n<meta name=\"googlebot\" content=\"index, follow, max-snippet:-1, max-image-preview:large, max-video-preview:-1\" \/>\n<meta name=\"bingbot\" content=\"index, follow, max-snippet:-1, max-image-preview:large, max-video-preview:-1\" \/>\n<link rel=\"canonical\" href=\"https:\/\/hechoamanoecuador.com\/luffa\/shop\/luffa-infantil-tortuga\/\" \/>\n<meta property=\"og:locale\" content=\"es_ES\" \/>\n<meta property=\"og:type\" content=\"article\" \/>\n<meta property=\"og:title\" content=\"Esponja para ba\u00f1o tortuga luffa - Esponja o estropajo de ba\u00f1o natural luffa\" \/>\n<meta property=\"og:description\" content=\"Compuesto por una cara de luffa esponja para ba\u00f1o 100% natural y biodegradable, estimula el riego sangu\u00edneo, exfoliante corporal.  Tama\u00f1o 13cm x 10cm  &nbsp;\" \/>\n<meta property=\"og:url\" content=\"https:\/\/hechoamanoecuador.com\/luffa\/shop\/luffa-infantil-tortuga\/\" \/>\n<meta property=\"og:site_name\" content=\"Esponja o estropajo de ba\u00f1o natural luffa\" \/>\n<meta property=\"article:modified_time\" content=\"2021-05-07T16:44:45+00:00\" \/>\n<meta property=\"og:image\" content=\"https:\/\/hechoamanoecuador.com\/luffa\/wp-content\/uploads\/2020\/07\/esponja-de-ba\u00f1o-para-ni\u00f1os-tortuga_01.jpg\" \/>\n\t<meta property=\"og:image:width\" content=\"783\" \/>\n\t<meta property=\"og:image:height\" content=\"783\" \/>\n<meta name=\"twitter:card\" content=\"summary_large_image\" \/>\n<script type=\"application\/ld+json\" class=\"yoast-schema-graph\">{\"@context\":\"https:\/\/schema.org\",\"@graph\":[{\"@type\":\"Organization\",\"@id\":\"https:\/\/hechoamanoecuador.com\/luffa\/#organization\",\"name\":\"Luffa esponja o estropajo de ba\\u00f1o natural\",\"url\":\"https:\/\/hechoamanoecuador.com\/luffa\/\",\"sameAs\":[],\"logo\":{\"@type\":\"ImageObject\",\"@id\":\"https:\/\/hechoamanoecuador.com\/luffa\/#logo\",\"inLanguage\":\"es\",\"url\":\"https:\/\/hechoamanoecuador.com\/luffa\/wp-content\/uploads\/2019\/07\/luffa-esponja-vegetal.png\",\"width\":417,\"height\":134,\"caption\":\"Luffa esponja o estropajo de ba\\u00f1o natural\"},\"image\":{\"@id\":\"https:\/\/hechoamanoecuador.com\/luffa\/#logo\"}},{\"@type\":\"WebSite\",\"@id\":\"https:\/\/hechoamanoecuador.com\/luffa\/#website\",\"url\":\"https:\/\/hechoamanoecuador.com\/luffa\/\",\"name\":\"Esponja o estropajo de ba\\u00f1o natural luffa\",\"description\":\"Productos naturales para el cuidado de la piel en adultos y ni\\u00f1os ambato ecuador productores de luffa,  esponja o estropajo exfoliante para ba\\u00f1o\",\"publisher\":{\"@id\":\"https:\/\/hechoamanoecuador.com\/luffa\/#organization\"},\"potentialAction\":[{\"@type\":\"SearchAction\",\"target\":\"https:\/\/hechoamanoecuador.com\/luffa\/?s={search_term_string}\",\"query-input\":\"required name=search_term_string\"}],\"inLanguage\":\"es\"},{\"@type\":\"ImageObject\",\"@id\":\"https:\/\/hechoamanoecuador.com\/luffa\/shop\/luffa-infantil-tortuga\/#primaryimage\",\"inLanguage\":\"es\",\"url\":\"https:\/\/hechoamanoecuador.com\/luffa\/wp-content\/uploads\/2020\/07\/esponja-de-ba\\u00f1o-para-ni\\u00f1os-tortuga_01.jpg\",\"width\":783,\"height\":783,\"caption\":\"Luffa-esponja-de-ba\\u00f1o-para-ni\\u00f1os-tortuga\"},{\"@type\":\"WebPage\",\"@id\":\"https:\/\/hechoamanoecuador.com\/luffa\/shop\/luffa-infantil-tortuga\/#webpage\",\"url\":\"https:\/\/hechoamanoecuador.com\/luffa\/shop\/luffa-infantil-tortuga\/\",\"name\":\"Esponja para ba\\u00f1o tortuga luffa - Esponja o estropajo de ba\\u00f1o natural luffa\",\"isPartOf\":{\"@id\":\"https:\/\/hechoamanoecuador.com\/luffa\/#website\"},\"primaryImageOfPage\":{\"@id\":\"https:\/\/hechoamanoecuador.com\/luffa\/shop\/luffa-infantil-tortuga\/#primaryimage\"},\"datePublished\":\"2020-07-02T23:41:30+00:00\",\"dateModified\":\"2021-05-07T16:44:45+00:00\",\"breadcrumb\":{\"@id\":\"https:\/\/hechoamanoecuador.com\/luffa\/shop\/luffa-infantil-tortuga\/#breadcrumb\"},\"inLanguage\":\"es\",\"potentialAction\":[{\"@type\":\"ReadAction\",\"target\":[\"https:\/\/hechoamanoecuador.com\/luffa\/shop\/luffa-infantil-tortuga\/\"]}]},{\"@type\":\"BreadcrumbList\",\"@id\":\"https:\/\/hechoamanoecuador.com\/luffa\/shop\/luffa-infantil-tortuga\/#breadcrumb\",\"itemListElement\":[{\"@type\":\"ListItem\",\"position\":1,\"item\":{\"@type\":\"WebPage\",\"@id\":\"https:\/\/hechoamanoecuador.com\/luffa\/\",\"url\":\"https:\/\/hechoamanoecuador.com\/luffa\/\",\"name\":\"Inicio\"}},{\"@type\":\"ListItem\",\"position\":2,\"item\":{\"@type\":\"WebPage\",\"@id\":\"https:\/\/hechoamanoecuador.com\/luffa\/shop\/\",\"url\":\"https:\/\/hechoamanoecuador.com\/luffa\/shop\/\",\"name\":\"Shop\"}},{\"@type\":\"ListItem\",\"position\":3,\"item\":{\"@type\":\"WebPage\",\"@id\":\"https:\/\/hechoamanoecuador.com\/luffa\/shop\/luffa-infantil-tortuga\/\",\"url\":\"https:\/\/hechoamanoecuador.com\/luffa\/shop\/luffa-infantil-tortuga\/\",\"name\":\"Esponja para ba\\u00f1o tortuga luffa\"}}]}]}<\/script>\n<!-- \/ Yoast SEO Premium plugin. -->","_links":{"self":[{"href":"https:\/\/hechoamanoecuador.com\/luffa\/wp-json\/wp\/v2\/product\/1056","targetHints":{"allow":["GET"]}}],"collection":[{"href":"https:\/\/hechoamanoecuador.com\/luffa\/wp-json\/wp\/v2\/product"}],"about":[{"href":"https:\/\/hechoamanoecuador.com\/luffa\/wp-json\/wp\/v2\/types\/product"}],"wp:featuredmedia":[{"embeddable":true,"href":"https:\/\/hechoamanoecuador.com\/luffa\/wp-json\/wp\/v2\/media\/1057"}],"wp:attachment":[{"href":"https:\/\/hechoamanoecuador.com\/luffa\/wp-json\/wp\/v2\/media?parent=1056"}],"wp:term":[{"taxonomy":"product_brand","embeddable":true,"href":"https:\/\/hechoamanoecuador.com\/luffa\/wp-json\/wp\/v2\/product_brand?post=1056"},{"taxonomy":"product_cat","embeddable":true,"href":"https:\/\/hechoamanoecuador.com\/luffa\/wp-json\/wp\/v2\/product_cat?post=1056"},{"taxonomy":"product_tag","embeddable":true,"href":"https:\/\/hechoamanoecuador.com\/luffa\/wp-json\/wp\/v2\/product_tag?post=1056"},{"taxonomy":"yst_prominent_words","embeddable":true,"href":"https:\/\/hechoamanoecuador.com\/luffa\/wp-json\/wp\/v2\/yst_prominent_words?post=1056"}],"curies":[{"name":"wp","href":"https:\/\/api.w.org\/{rel}","templated":true}]}}