{"id":253,"date":"2019-07-14T18:30:24","date_gmt":"2019-07-14T18:30:24","guid":{"rendered":"https:\/\/hechoamanoecuador.com\/luffa\/?post_type=product&#038;p=253"},"modified":"2020-07-20T00:19:12","modified_gmt":"2020-07-20T00:19:12","slug":"estuche-jabon-luffa","status":"publish","type":"product","link":"https:\/\/hechoamanoecuador.com\/luffa\/shop\/estuche-jabon-luffa\/","title":{"rendered":"Estuche jab\u00f3n luffa"},"content":{"rendered":"","protected":false},"excerpt":{"rendered":"<p>Esponja vac\u00eda cosida por un lado, el otro lado se introduce jab\u00f3n para uso, fusionando las propiedades del jab\u00f3n y de la esponja. (el jab\u00f3n no est\u00e1 incluido). 100% biodegradable, estimula el riego sangu\u00edneo, exfoliante natural. Cultivada con abono org\u00e1nico, libre de qu\u00edmicos. De 12 cm x 8 cm<\/p>\n","protected":false},"featured_media":51,"template":"","meta":{"postBodyMargin":[],"postBodyPadding":[],"postBodyBackground":{"backgroundType":"classic","gradient":""}},"product_brand":[],"product_cat":[19],"product_tag":[],"yst_prominent_words":[],"class_list":{"0":"post-253","1":"product","2":"type-product","3":"status-publish","4":"has-post-thumbnail","6":"product_cat-luffa_bano","8":"first","9":"instock","10":"shipping-taxable","11":"purchasable","12":"product-type-simple"},"yoast_head":"<!-- This site is optimized with the Yoast SEO Premium plugin v14.0.4 - https:\/\/yoast.com\/wordpress\/plugins\/seo\/ -->\n<title>Estuche jab\u00f3n luffa - Esponja o estropajo de ba\u00f1o natural luffa<\/title>\n<meta name=\"robots\" content=\"index, follow\" \/>\n<meta name=\"googlebot\" content=\"index, follow, max-snippet:-1, max-image-preview:large, max-video-preview:-1\" \/>\n<meta name=\"bingbot\" content=\"index, follow, max-snippet:-1, max-image-preview:large, max-video-preview:-1\" \/>\n<link rel=\"canonical\" href=\"https:\/\/hechoamanoecuador.com\/luffa\/shop\/estuche-jabon-luffa\/\" \/>\n<meta property=\"og:locale\" content=\"es_ES\" \/>\n<meta property=\"og:type\" content=\"article\" \/>\n<meta property=\"og:title\" content=\"Estuche jab\u00f3n luffa - Esponja o estropajo de ba\u00f1o natural luffa\" \/>\n<meta property=\"og:description\" content=\"Esponja vac\u00eda cosida por un lado, el otro lado se introduce jab\u00f3n para uso, fusionando las propiedades del jab\u00f3n y de la esponja. (el jab\u00f3n no est\u00e1 incluido). 100% biodegradable, estimula el riego sangu\u00edneo, exfoliante natural. Cultivada con abono org\u00e1nico, libre de qu\u00edmicos. De 12 cm x 8 cm\" \/>\n<meta property=\"og:url\" content=\"https:\/\/hechoamanoecuador.com\/luffa\/shop\/estuche-jabon-luffa\/\" \/>\n<meta property=\"og:site_name\" content=\"Esponja o estropajo de ba\u00f1o natural luffa\" \/>\n<meta property=\"article:modified_time\" content=\"2020-07-20T00:19:12+00:00\" \/>\n<meta property=\"og:image\" content=\"https:\/\/hechoamanoecuador.com\/luffa\/wp-content\/uploads\/2019\/07\/luffa_02-1.jpg\" \/>\n\t<meta property=\"og:image:width\" content=\"783\" \/>\n\t<meta property=\"og:image:height\" content=\"783\" \/>\n<meta name=\"twitter:card\" content=\"summary_large_image\" \/>\n<script type=\"application\/ld+json\" class=\"yoast-schema-graph\">{\"@context\":\"https:\/\/schema.org\",\"@graph\":[{\"@type\":\"Organization\",\"@id\":\"https:\/\/hechoamanoecuador.com\/luffa\/#organization\",\"name\":\"Luffa esponja o estropajo de ba\\u00f1o natural\",\"url\":\"https:\/\/hechoamanoecuador.com\/luffa\/\",\"sameAs\":[],\"logo\":{\"@type\":\"ImageObject\",\"@id\":\"https:\/\/hechoamanoecuador.com\/luffa\/#logo\",\"inLanguage\":\"es\",\"url\":\"https:\/\/hechoamanoecuador.com\/luffa\/wp-content\/uploads\/2019\/07\/luffa-esponja-vegetal.png\",\"width\":417,\"height\":134,\"caption\":\"Luffa esponja o estropajo de ba\\u00f1o natural\"},\"image\":{\"@id\":\"https:\/\/hechoamanoecuador.com\/luffa\/#logo\"}},{\"@type\":\"WebSite\",\"@id\":\"https:\/\/hechoamanoecuador.com\/luffa\/#website\",\"url\":\"https:\/\/hechoamanoecuador.com\/luffa\/\",\"name\":\"Esponja o estropajo de ba\\u00f1o natural luffa\",\"description\":\"Productos naturales para el cuidado de la piel en adultos y ni\\u00f1os ambato ecuador productores de luffa,  esponja o estropajo exfoliante para ba\\u00f1o\",\"publisher\":{\"@id\":\"https:\/\/hechoamanoecuador.com\/luffa\/#organization\"},\"potentialAction\":[{\"@type\":\"SearchAction\",\"target\":\"https:\/\/hechoamanoecuador.com\/luffa\/?s={search_term_string}\",\"query-input\":\"required name=search_term_string\"}],\"inLanguage\":\"es\"},{\"@type\":\"ImageObject\",\"@id\":\"https:\/\/hechoamanoecuador.com\/luffa\/shop\/estuche-jabon-luffa\/#primaryimage\",\"inLanguage\":\"es\",\"url\":\"https:\/\/hechoamanoecuador.com\/luffa\/wp-content\/uploads\/2019\/07\/luffa_02-1.jpg\",\"width\":783,\"height\":783},{\"@type\":\"WebPage\",\"@id\":\"https:\/\/hechoamanoecuador.com\/luffa\/shop\/estuche-jabon-luffa\/#webpage\",\"url\":\"https:\/\/hechoamanoecuador.com\/luffa\/shop\/estuche-jabon-luffa\/\",\"name\":\"Estuche jab\\u00f3n luffa - Esponja o estropajo de ba\\u00f1o natural luffa\",\"isPartOf\":{\"@id\":\"https:\/\/hechoamanoecuador.com\/luffa\/#website\"},\"primaryImageOfPage\":{\"@id\":\"https:\/\/hechoamanoecuador.com\/luffa\/shop\/estuche-jabon-luffa\/#primaryimage\"},\"datePublished\":\"2019-07-14T18:30:24+00:00\",\"dateModified\":\"2020-07-20T00:19:12+00:00\",\"breadcrumb\":{\"@id\":\"https:\/\/hechoamanoecuador.com\/luffa\/shop\/estuche-jabon-luffa\/#breadcrumb\"},\"inLanguage\":\"es\",\"potentialAction\":[{\"@type\":\"ReadAction\",\"target\":[\"https:\/\/hechoamanoecuador.com\/luffa\/shop\/estuche-jabon-luffa\/\"]}]},{\"@type\":\"BreadcrumbList\",\"@id\":\"https:\/\/hechoamanoecuador.com\/luffa\/shop\/estuche-jabon-luffa\/#breadcrumb\",\"itemListElement\":[{\"@type\":\"ListItem\",\"position\":1,\"item\":{\"@type\":\"WebPage\",\"@id\":\"https:\/\/hechoamanoecuador.com\/luffa\/\",\"url\":\"https:\/\/hechoamanoecuador.com\/luffa\/\",\"name\":\"Inicio\"}},{\"@type\":\"ListItem\",\"position\":2,\"item\":{\"@type\":\"WebPage\",\"@id\":\"https:\/\/hechoamanoecuador.com\/luffa\/shop\/\",\"url\":\"https:\/\/hechoamanoecuador.com\/luffa\/shop\/\",\"name\":\"Shop\"}},{\"@type\":\"ListItem\",\"position\":3,\"item\":{\"@type\":\"WebPage\",\"@id\":\"https:\/\/hechoamanoecuador.com\/luffa\/shop\/estuche-jabon-luffa\/\",\"url\":\"https:\/\/hechoamanoecuador.com\/luffa\/shop\/estuche-jabon-luffa\/\",\"name\":\"Estuche jab\\u00f3n luffa\"}}]}]}<\/script>\n<!-- \/ Yoast SEO Premium plugin. -->","_links":{"self":[{"href":"https:\/\/hechoamanoecuador.com\/luffa\/wp-json\/wp\/v2\/product\/253","targetHints":{"allow":["GET"]}}],"collection":[{"href":"https:\/\/hechoamanoecuador.com\/luffa\/wp-json\/wp\/v2\/product"}],"about":[{"href":"https:\/\/hechoamanoecuador.com\/luffa\/wp-json\/wp\/v2\/types\/product"}],"wp:featuredmedia":[{"embeddable":true,"href":"https:\/\/hechoamanoecuador.com\/luffa\/wp-json\/wp\/v2\/media\/51"}],"wp:attachment":[{"href":"https:\/\/hechoamanoecuador.com\/luffa\/wp-json\/wp\/v2\/media?parent=253"}],"wp:term":[{"taxonomy":"product_brand","embeddable":true,"href":"https:\/\/hechoamanoecuador.com\/luffa\/wp-json\/wp\/v2\/product_brand?post=253"},{"taxonomy":"product_cat","embeddable":true,"href":"https:\/\/hechoamanoecuador.com\/luffa\/wp-json\/wp\/v2\/product_cat?post=253"},{"taxonomy":"product_tag","embeddable":true,"href":"https:\/\/hechoamanoecuador.com\/luffa\/wp-json\/wp\/v2\/product_tag?post=253"},{"taxonomy":"yst_prominent_words","embeddable":true,"href":"https:\/\/hechoamanoecuador.com\/luffa\/wp-json\/wp\/v2\/yst_prominent_words?post=253"}],"curies":[{"name":"wp","href":"https:\/\/api.w.org\/{rel}","templated":true}]}}